{"id":17,"date":"2024-07-23T12:21:34","date_gmt":"2024-07-23T12:21:34","guid":{"rendered":"https:\/\/nogoya-service.com\/?page_id=17"},"modified":"2024-09-14T21:33:58","modified_gmt":"2024-09-14T21:33:58","slug":"service","status":"publish","type":"page","link":"https:\/\/nogoya-service.com\/?page_id=17","title":{"rendered":"Service"},"content":{"rendered":"\t\t<div data-elementor-type=\"wp-page\" data-elementor-id=\"17\" class=\"elementor elementor-17\">\n\t\t\t\t<div class=\"elementor-element elementor-element-cdcd1a2 e-flex e-con-boxed e-con e-parent\" data-id=\"cdcd1a2\" data-element_type=\"container\" data-settings=\"{&quot;background_background&quot;:&quot;classic&quot;}\">\n\t\t\t\t\t<div class=\"e-con-inner\">\n\t\t<div class=\"elementor-element elementor-element-bd539b6 e-con-full e-flex e-con e-child\" data-id=\"bd539b6\" data-element_type=\"container\">\n\t\t<div class=\"elementor-element elementor-element-15a6b03 e-con-full elementor-hidden-mobile e-flex e-con e-child\" data-id=\"15a6b03\" data-element_type=\"container\">\n\t\t\t\t<\/div>\n\t\t<div class=\"elementor-element elementor-element-8ead0dd e-con-full e-flex e-con e-child\" data-id=\"8ead0dd\" data-element_type=\"container\">\n\t\t\t\t<div class=\"elementor-element elementor-element-e888979 animated-slow elementor-invisible elementor-widget elementor-widget-heading\" data-id=\"e888979\" data-element_type=\"widget\" data-settings=\"{&quot;_animation&quot;:&quot;fadeInRight&quot;}\" data-widget_type=\"heading.default\">\n\t\t\t\t<div class=\"elementor-widget-container\">\n\t\t\t\t\t<h2 class=\"elementor-heading-title elementor-size-default\">Votre partenaire de confiance<\/h2>\t\t\t\t<\/div>\n\t\t\t\t<\/div>\n\t\t\t\t<div class=\"elementor-element elementor-element-c0a9a0f animated-slow elementor-invisible elementor-widget elementor-widget-text-editor\" data-id=\"c0a9a0f\" data-element_type=\"widget\" data-settings=\"{&quot;_animation&quot;:&quot;fadeInRight&quot;}\" data-widget_type=\"text-editor.default\">\n\t\t\t\t<div class=\"elementor-widget-container\">\n\t\t\t\t\t\t\t\t\t<p>Nogoya Service, entreprise malienne fond\u00e9e en 2021, offre des solutions multiservices en Turquie et au Mali, adapt\u00e9es \u00e0 vos besoins.<\/p>\t\t\t\t\t\t\t\t<\/div>\n\t\t\t\t<\/div>\n\t\t\t\t<\/div>\n\t\t\t\t<\/div>\n\t\t\t\t\t<\/div>\n\t\t\t\t<\/div>\n\t\t<div class=\"elementor-element elementor-element-43b9c77 e-flex e-con-boxed e-con e-parent\" data-id=\"43b9c77\" data-element_type=\"container\">\n\t\t\t\t\t<div class=\"e-con-inner\">\n\t\t<div class=\"elementor-element elementor-element-0f69e38 e-con-full e-flex e-con e-child\" data-id=\"0f69e38\" data-element_type=\"container\">\n\t\t\t\t<div class=\"elementor-element elementor-element-8c8e0a5 elementor-widget elementor-widget-image\" data-id=\"8c8e0a5\" data-element_type=\"widget\" data-widget_type=\"image.default\">\n\t\t\t\t<div class=\"elementor-widget-container\">\n\t\t\t\t\t\t\t\t\t\t\t\t\t\t\t<img fetchpriority=\"high\" decoding=\"async\" width=\"768\" height=\"576\" src=\"https:\/\/nogoya-service.com\/wp-content\/uploads\/2024\/08\/logistique-et-transport-768x576.jpg\" class=\"attachment-medium_large size-medium_large wp-image-460\" alt=\"\" srcset=\"https:\/\/nogoya-service.com\/wp-content\/uploads\/2024\/08\/logistique-et-transport-768x576.jpg 768w, https:\/\/nogoya-service.com\/wp-content\/uploads\/2024\/08\/logistique-et-transport-300x225.jpg 300w, https:\/\/nogoya-service.com\/wp-content\/uploads\/2024\/08\/logistique-et-transport-1024x768.jpg 1024w, https:\/\/nogoya-service.com\/wp-content\/uploads\/2024\/08\/logistique-et-transport.jpg 1200w\" sizes=\"(max-width: 768px) 100vw, 768px\" \/>\t\t\t\t\t\t\t\t\t\t\t\t\t\t\t<\/div>\n\t\t\t\t<\/div>\n\t\t\t\t<\/div>\n\t\t<div class=\"elementor-element elementor-element-a94105c e-con-full e-flex e-con e-child\" data-id=\"a94105c\" data-element_type=\"container\">\n\t\t\t\t<div class=\"elementor-element elementor-element-598834e elementor-widget elementor-widget-heading\" data-id=\"598834e\" data-element_type=\"widget\" data-widget_type=\"heading.default\">\n\t\t\t\t<div class=\"elementor-widget-container\">\n\t\t\t\t\t<h2 class=\"elementor-heading-title elementor-size-default\">Transit transport logistique cargo et frettes<\/h2>\t\t\t\t<\/div>\n\t\t\t\t<\/div>\n\t\t\t\t<div class=\"elementor-element elementor-element-d9a6d15 elementor-widget elementor-widget-text-editor\" data-id=\"d9a6d15\" data-element_type=\"widget\" data-widget_type=\"text-editor.default\">\n\t\t\t\t<div class=\"elementor-widget-container\">\n\t\t\t\t\t\t\t\t\t<p>Transit Transport Logistique est votre expert en gestion de cargo et fret. Nous offrons des solutions compl\u00e8tes et efficaces pour le transport international, la gestion des cha\u00eenes d&rsquo;approvisionnement et la logistique personnalis\u00e9e. Profitez de notre expertise pour une livraison rapide, s\u00e9curis\u00e9e et optimis\u00e9e.<\/p>\t\t\t\t\t\t\t\t<\/div>\n\t\t\t\t<\/div>\n\t\t\t\t<\/div>\n\t\t\t\t\t<\/div>\n\t\t\t\t<\/div>\n\t\t<div class=\"elementor-element elementor-element-b235a2b animated-slow e-flex e-con-boxed elementor-invisible e-con e-parent\" data-id=\"b235a2b\" data-element_type=\"container\" data-settings=\"{&quot;animation&quot;:&quot;fadeInUp&quot;}\">\n\t\t\t\t\t<div class=\"e-con-inner\">\n\t\t<div class=\"elementor-element elementor-element-de2b79f e-con-full e-flex e-con e-child\" data-id=\"de2b79f\" data-element_type=\"container\">\n\t\t\t\t<div class=\"elementor-element elementor-element-5f35826 elementor-widget elementor-widget-image\" data-id=\"5f35826\" data-element_type=\"widget\" data-widget_type=\"image.default\">\n\t\t\t\t<div class=\"elementor-widget-container\">\n\t\t\t\t\t\t\t\t\t\t\t\t\t\t\t<img decoding=\"async\" width=\"1024\" height=\"768\" src=\"https:\/\/nogoya-service.com\/wp-content\/uploads\/2024\/08\/Assistance-medicale-1024x768.jpg\" class=\"attachment-large size-large wp-image-461\" alt=\"\" srcset=\"https:\/\/nogoya-service.com\/wp-content\/uploads\/2024\/08\/Assistance-medicale-1024x768.jpg 1024w, https:\/\/nogoya-service.com\/wp-content\/uploads\/2024\/08\/Assistance-medicale-300x225.jpg 300w, https:\/\/nogoya-service.com\/wp-content\/uploads\/2024\/08\/Assistance-medicale-768x576.jpg 768w, https:\/\/nogoya-service.com\/wp-content\/uploads\/2024\/08\/Assistance-medicale.jpg 1200w\" sizes=\"(max-width: 1024px) 100vw, 1024px\" \/>\t\t\t\t\t\t\t\t\t\t\t\t\t\t\t<\/div>\n\t\t\t\t<\/div>\n\t\t\t\t<\/div>\n\t\t<div class=\"elementor-element elementor-element-fc5424f e-con-full e-flex e-con e-child\" data-id=\"fc5424f\" data-element_type=\"container\">\n\t\t\t\t<div class=\"elementor-element elementor-element-02669cf elementor-widget elementor-widget-heading\" data-id=\"02669cf\" data-element_type=\"widget\" data-widget_type=\"heading.default\">\n\t\t\t\t<div class=\"elementor-widget-container\">\n\t\t\t\t\t<h2 class=\"elementor-heading-title elementor-size-default\">Assistance m\u00e9dicale <\/h2>\t\t\t\t<\/div>\n\t\t\t\t<\/div>\n\t\t\t\t<div class=\"elementor-element elementor-element-0dc9ff0 elementor-widget elementor-widget-text-editor\" data-id=\"0dc9ff0\" data-element_type=\"widget\" data-widget_type=\"text-editor.default\">\n\t\t\t\t<div class=\"elementor-widget-container\">\n\t\t\t\t\t\t\t\t\t<p>Assistance M\u00e9dicale propose des services de soins et d\u2019accompagnement adapt\u00e9s \u00e0 chaque besoin. Que ce soit pour une consultation, une intervention d\u2019urgence ou un suivi \u00e0 domicile, notre \u00e9quipe de professionnels qualifi\u00e9s assure une prise en charge rapide et efficace. Votre sant\u00e9, notre priorit\u00e9.<\/p>\t\t\t\t\t\t\t\t<\/div>\n\t\t\t\t<\/div>\n\t\t\t\t<\/div>\n\t\t\t\t\t<\/div>\n\t\t\t\t<\/div>\n\t\t<div class=\"elementor-element elementor-element-0bff103 e-flex e-con-boxed e-con e-parent\" data-id=\"0bff103\" data-element_type=\"container\">\n\t\t\t\t\t<div class=\"e-con-inner\">\n\t\t<div class=\"elementor-element elementor-element-4bc1e4b e-con-full e-flex e-con e-child\" data-id=\"4bc1e4b\" data-element_type=\"container\">\n\t\t\t\t<div class=\"elementor-element elementor-element-2d3790d elementor-widget elementor-widget-image\" data-id=\"2d3790d\" data-element_type=\"widget\" data-widget_type=\"image.default\">\n\t\t\t\t<div class=\"elementor-widget-container\">\n\t\t\t\t\t\t\t\t\t\t\t\t\t\t\t<img decoding=\"async\" width=\"1024\" height=\"768\" src=\"https:\/\/nogoya-service.com\/wp-content\/uploads\/2024\/08\/commerce-general-1024x768.jpg\" class=\"attachment-large size-large wp-image-459\" alt=\"\" srcset=\"https:\/\/nogoya-service.com\/wp-content\/uploads\/2024\/08\/commerce-general-1024x768.jpg 1024w, https:\/\/nogoya-service.com\/wp-content\/uploads\/2024\/08\/commerce-general-300x225.jpg 300w, https:\/\/nogoya-service.com\/wp-content\/uploads\/2024\/08\/commerce-general-768x576.jpg 768w, https:\/\/nogoya-service.com\/wp-content\/uploads\/2024\/08\/commerce-general.jpg 1200w\" sizes=\"(max-width: 1024px) 100vw, 1024px\" \/>\t\t\t\t\t\t\t\t\t\t\t\t\t\t\t<\/div>\n\t\t\t\t<\/div>\n\t\t\t\t<\/div>\n\t\t<div class=\"elementor-element elementor-element-50b9466 e-con-full e-flex e-con e-child\" data-id=\"50b9466\" data-element_type=\"container\">\n\t\t\t\t<div class=\"elementor-element elementor-element-0e68d59 elementor-widget elementor-widget-heading\" data-id=\"0e68d59\" data-element_type=\"widget\" data-widget_type=\"heading.default\">\n\t\t\t\t<div class=\"elementor-widget-container\">\n\t\t\t\t\t<h2 class=\"elementor-heading-title elementor-size-default\">Commerce g\u00e9n\u00e9ral Mali-Turquie<\/h2>\t\t\t\t<\/div>\n\t\t\t\t<\/div>\n\t\t\t\t<div class=\"elementor-element elementor-element-173b6a8 elementor-widget elementor-widget-text-editor\" data-id=\"173b6a8\" data-element_type=\"widget\" data-widget_type=\"text-editor.default\">\n\t\t\t\t<div class=\"elementor-widget-container\">\n\t\t\t\t\t\t\t\t\t<p>Commerce G\u00e9n\u00e9ral Mali-Turquie connecte les march\u00e9s malien et turc avec des solutions commerciales diversifi\u00e9es. Nous facilitons les \u00e9changes de produits, mat\u00e9riaux et services entre ces deux r\u00e9gions, offrant des solutions sur mesure pour optimiser vos transactions internationales. Confiance et efficacit\u00e9 garanties.<\/p>\t\t\t\t\t\t\t\t<\/div>\n\t\t\t\t<\/div>\n\t\t\t\t<\/div>\n\t\t\t\t\t<\/div>\n\t\t\t\t<\/div>\n\t\t<div class=\"elementor-element elementor-element-5b85a26 animated-slow e-flex e-con-boxed e-con e-parent\" data-id=\"5b85a26\" data-element_type=\"container\" data-settings=\"{&quot;animation&quot;:&quot;none&quot;}\">\n\t\t\t\t\t<div class=\"e-con-inner\">\n\t\t<div class=\"elementor-element elementor-element-8271696 e-con-full e-flex e-con e-child\" data-id=\"8271696\" data-element_type=\"container\">\n\t\t\t\t<div class=\"elementor-element elementor-element-367341d elementor-widget elementor-widget-image\" data-id=\"367341d\" data-element_type=\"widget\" data-widget_type=\"image.default\">\n\t\t\t\t<div class=\"elementor-widget-container\">\n\t\t\t\t\t\t\t\t\t\t\t\t\t\t\t<img loading=\"lazy\" decoding=\"async\" width=\"1024\" height=\"768\" src=\"https:\/\/nogoya-service.com\/wp-content\/uploads\/2024\/08\/visa-1024x768.jpg\" class=\"attachment-large size-large wp-image-456\" alt=\"\" srcset=\"https:\/\/nogoya-service.com\/wp-content\/uploads\/2024\/08\/visa-1024x768.jpg 1024w, https:\/\/nogoya-service.com\/wp-content\/uploads\/2024\/08\/visa-300x225.jpg 300w, https:\/\/nogoya-service.com\/wp-content\/uploads\/2024\/08\/visa-768x576.jpg 768w, https:\/\/nogoya-service.com\/wp-content\/uploads\/2024\/08\/visa.jpg 1200w\" sizes=\"(max-width: 1024px) 100vw, 1024px\" \/>\t\t\t\t\t\t\t\t\t\t\t\t\t\t\t<\/div>\n\t\t\t\t<\/div>\n\t\t\t\t<\/div>\n\t\t<div class=\"elementor-element elementor-element-406d3be e-con-full e-flex e-con e-child\" data-id=\"406d3be\" data-element_type=\"container\">\n\t\t\t\t<div class=\"elementor-element elementor-element-ecd8033 elementor-widget elementor-widget-heading\" data-id=\"ecd8033\" data-element_type=\"widget\" data-widget_type=\"heading.default\">\n\t\t\t\t<div class=\"elementor-widget-container\">\n\t\t\t\t\t<h2 class=\"elementor-heading-title elementor-size-default\">Invitation pour le visa de la Turquie<\/h2>\t\t\t\t<\/div>\n\t\t\t\t<\/div>\n\t\t\t\t<div class=\"elementor-element elementor-element-f951caa elementor-widget elementor-widget-text-editor\" data-id=\"f951caa\" data-element_type=\"widget\" data-widget_type=\"text-editor.default\">\n\t\t\t\t<div class=\"elementor-widget-container\">\n\t\t\t\t\t\t\t\t\t<p>Obtenez facilement votre visa pour la Turquie avec notre service d&rsquo;invitation simplifi\u00e9e. Nous vous aidons \u00e0 pr\u00e9parer et soumettre les documents n\u00e9cessaires, garantissant un processus rapide et sans tracas. Voyagez sereinement gr\u00e2ce \u00e0 notre expertise en formalit\u00e9s de visa pour la Turquie.<\/p>\t\t\t\t\t\t\t\t<\/div>\n\t\t\t\t<\/div>\n\t\t\t\t<\/div>\n\t\t\t\t\t<\/div>\n\t\t\t\t<\/div>\n\t\t<div class=\"elementor-element elementor-element-e51e513 animated-slow e-flex e-con-boxed elementor-invisible e-con e-parent\" data-id=\"e51e513\" data-element_type=\"container\" data-settings=\"{&quot;animation&quot;:&quot;fadeInUp&quot;}\">\n\t\t\t\t\t<div class=\"e-con-inner\">\n\t\t<div class=\"elementor-element elementor-element-1599f42 e-con-full e-flex e-con e-child\" data-id=\"1599f42\" data-element_type=\"container\">\n\t\t\t\t<div class=\"elementor-element elementor-element-6994f73 elementor-widget elementor-widget-image\" data-id=\"6994f73\" data-element_type=\"widget\" data-widget_type=\"image.default\">\n\t\t\t\t<div class=\"elementor-widget-container\">\n\t\t\t\t\t\t\t\t\t\t\t\t\t\t\t<img loading=\"lazy\" decoding=\"async\" width=\"1024\" height=\"768\" src=\"https:\/\/nogoya-service.com\/wp-content\/uploads\/2024\/08\/divers-1024x768.jpg\" class=\"attachment-large size-large wp-image-458\" alt=\"\" srcset=\"https:\/\/nogoya-service.com\/wp-content\/uploads\/2024\/08\/divers-1024x768.jpg 1024w, https:\/\/nogoya-service.com\/wp-content\/uploads\/2024\/08\/divers-300x225.jpg 300w, https:\/\/nogoya-service.com\/wp-content\/uploads\/2024\/08\/divers-768x576.jpg 768w, https:\/\/nogoya-service.com\/wp-content\/uploads\/2024\/08\/divers.jpg 1200w\" sizes=\"(max-width: 1024px) 100vw, 1024px\" \/>\t\t\t\t\t\t\t\t\t\t\t\t\t\t\t<\/div>\n\t\t\t\t<\/div>\n\t\t\t\t<\/div>\n\t\t<div class=\"elementor-element elementor-element-9cd1f3c e-con-full e-flex e-con e-child\" data-id=\"9cd1f3c\" data-element_type=\"container\">\n\t\t\t\t<div class=\"elementor-element elementor-element-60ccb92 elementor-widget elementor-widget-heading\" data-id=\"60ccb92\" data-element_type=\"widget\" data-widget_type=\"heading.default\">\n\t\t\t\t<div class=\"elementor-widget-container\">\n\t\t\t\t\t<h2 class=\"elementor-heading-title elementor-size-default\">Les divers<\/h2>\t\t\t\t<\/div>\n\t\t\t\t<\/div>\n\t\t\t\t<div class=\"elementor-element elementor-element-5b7c954 elementor-widget elementor-widget-text-editor\" data-id=\"5b7c954\" data-element_type=\"widget\" data-widget_type=\"text-editor.default\">\n\t\t\t\t<div class=\"elementor-widget-container\">\n\t\t\t\t\t\t\t\t\t<p>D\u00e9couvrez nos services diversifi\u00e9s, con\u00e7us pour r\u00e9pondre \u00e0 tous vos besoins. Que ce soit pour la gestion de projets, le support technique, les services de conciergerie ou des solutions sur mesure, notre \u00e9quipe d&rsquo;experts vous offre des solutions efficaces et personnalis\u00e9es. Flexibilit\u00e9, qualit\u00e9 et satisfaction garanties.<\/p>\t\t\t\t\t\t\t\t<\/div>\n\t\t\t\t<\/div>\n\t\t\t\t<\/div>\n\t\t\t\t\t<\/div>\n\t\t\t\t<\/div>\n\t\t\t\t<\/div>\n\t\t","protected":false},"excerpt":{"rendered":"<p>Votre partenaire de confiance Nogoya Service, entreprise malienne fond\u00e9e en 2021, offre des solutions multiservices en Turquie et au Mali, [&hellip;]<\/p>\n","protected":false},"author":1,"featured_media":0,"parent":0,"menu_order":0,"comment_status":"closed","ping_status":"closed","template":"","meta":{"site-sidebar-layout":"no-sidebar","site-content-layout":"","ast-site-content-layout":"full-width-container","site-content-style":"default","site-sidebar-style":"default","ast-global-header-display":"","ast-banner-title-visibility":"","ast-main-header-display":"","ast-hfb-above-header-display":"","ast-hfb-below-header-display":"","ast-hfb-mobile-header-display":"","site-post-title":"disabled","ast-breadcrumbs-content":"","ast-featured-img":"disabled","footer-sml-layout":"","theme-transparent-header-meta":"","adv-header-id-meta":"","stick-header-meta":"","header-above-stick-meta":"","header-main-stick-meta":"","header-below-stick-meta":"","astra-migrate-meta-layouts":"default","ast-page-background-enabled":"default","ast-page-background-meta":{"desktop":{"background-color":"var(--ast-global-color-4)","background-image":"","background-repeat":"repeat","background-position":"center center","background-size":"auto","background-attachment":"scroll","background-type":"","background-media":"","overlay-type":"","overlay-color":"","overlay-opacity":"","overlay-gradient":""},"tablet":{"background-color":"","background-image":"","background-repeat":"repeat","background-position":"center center","background-size":"auto","background-attachment":"scroll","background-type":"","background-media":"","overlay-type":"","overlay-color":"","overlay-opacity":"","overlay-gradient":""},"mobile":{"background-color":"","background-image":"","background-repeat":"repeat","background-position":"center center","background-size":"auto","background-attachment":"scroll","background-type":"","background-media":"","overlay-type":"","overlay-color":"","overlay-opacity":"","overlay-gradient":""}},"ast-content-background-meta":{"desktop":{"background-color":"var(--ast-global-color-5)","background-image":"","background-repeat":"repeat","background-position":"center center","background-size":"auto","background-attachment":"scroll","background-type":"","background-media":"","overlay-type":"","overlay-color":"","overlay-opacity":"","overlay-gradient":""},"tablet":{"background-color":"var(--ast-global-color-5)","background-image":"","background-repeat":"repeat","background-position":"center center","background-size":"auto","background-attachment":"scroll","background-type":"","background-media":"","overlay-type":"","overlay-color":"","overlay-opacity":"","overlay-gradient":""},"mobile":{"background-color":"var(--ast-global-color-5)","background-image":"","background-repeat":"repeat","background-position":"center center","background-size":"auto","background-attachment":"scroll","background-type":"","background-media":"","overlay-type":"","overlay-color":"","overlay-opacity":"","overlay-gradient":""}},"footnotes":""},"class_list":["post-17","page","type-page","status-publish","hentry"],"_links":{"self":[{"href":"https:\/\/nogoya-service.com\/index.php?rest_route=\/wp\/v2\/pages\/17"}],"collection":[{"href":"https:\/\/nogoya-service.com\/index.php?rest_route=\/wp\/v2\/pages"}],"about":[{"href":"https:\/\/nogoya-service.com\/index.php?rest_route=\/wp\/v2\/types\/page"}],"author":[{"embeddable":true,"href":"https:\/\/nogoya-service.com\/index.php?rest_route=\/wp\/v2\/users\/1"}],"replies":[{"embeddable":true,"href":"https:\/\/nogoya-service.com\/index.php?rest_route=%2Fwp%2Fv2%2Fcomments&post=17"}],"version-history":[{"count":6,"href":"https:\/\/nogoya-service.com\/index.php?rest_route=\/wp\/v2\/pages\/17\/revisions"}],"predecessor-version":[{"id":509,"href":"https:\/\/nogoya-service.com\/index.php?rest_route=\/wp\/v2\/pages\/17\/revisions\/509"}],"wp:attachment":[{"href":"https:\/\/nogoya-service.com\/index.php?rest_route=%2Fwp%2Fv2%2Fmedia&parent=17"}],"curies":[{"name":"wp","href":"https:\/\/api.w.org\/{rel}","templated":true}]}}